{"id":249111,"date":"2025-08-22T11:38:55","date_gmt":"2025-08-22T09:38:55","guid":{"rendered":"https:\/\/papercraft-3d.com\/produit\/origami-tout-lart-du-papier-en-100-modeles-mayumi-jezewski\/"},"modified":"2026-01-19T20:00:50","modified_gmt":"2026-01-19T19:00:50","slug":"origami-tout-lart-du-papier-en-100-modeles-mayumi-jezewski","status":"publish","type":"product","link":"https:\/\/www.papercraft-3d.com\/it\/produit\/origami-tout-lart-du-papier-en-100-modeles-mayumi-jezewski\/","title":{"rendered":"Origami \u2013 Tout l\u2019art du papier en 100 mod\u00e8les (Mayumi Jezewski)"},"content":{"rendered":"<p>Cet ouvrage ludique et relaxant propose un vaste choix de 100 mod\u00e8les d\u2019origami expliqu\u00e9s pas \u00e0 pas, class\u00e9s par th\u00e9matiques (animaux, d\u00e9corations, jeux, fleurs, objets utiles, etc.). Con\u00e7u pour initier les d\u00e9butants comme pour permettre aux adeptes de se perfectionner, il inclut des indications de niveau de difficult\u00e9 et des conseils pratiques. Vous pourrez choisir un pliage adapt\u00e9 \u00e0 votre dext\u00e9rit\u00e9 du moment, que vous ayez envie de relever un d\u00e9fi technique ou au contraire de r\u00e9aliser un mod\u00e8le facile et rapide. Gr\u00e2ce \u00e0 des instructions claires et gradu\u00e9es, ce livre garantit des heures de cr\u00e9ativit\u00e9 pour petits et grands. C\u2019est le compagnon id\u00e9al pour explorer tout l\u2019art du papier : en quelques plis, amusez-vous \u00e0 donner vie \u00e0 une multitude de figures color\u00e9es, du simple bateau aux figures plus sophistiqu\u00e9es, et d\u00e9couvrez l\u2019infinie vari\u00e9t\u00e9 de l\u2019origami traditionnel et moderne.<\/p>\n","protected":false},"excerpt":{"rendered":"<p>Une centaine de mod\u00e8les d\u2019origamis ludiques et cr\u00e9atifs, class\u00e9s par th\u00e8mes et accompagn\u00e9s de conseils, pour s\u2019initier et se perfectionner en s\u2019amusant.<\/p>\n","protected":false},"featured_media":249112,"comment_status":"closed","ping_status":"open","template":"","meta":{"_seopress_robots_primary_cat":"","_seopress_titles_title":"","_seopress_titles_desc":"","_seopress_robots_index":""},"product_brand":[],"product_cat":[993],"product_tag":[],"class_list":{"0":"post-249111","1":"product","2":"type-product","3":"status-publish","4":"has-post-thumbnail","6":"product_cat-libro-di-origami","8":"first","9":"instock","10":"product-type-external"},"_links":{"self":[{"href":"https:\/\/www.papercraft-3d.com\/it\/wp-json\/wp\/v2\/product\/249111","targetHints":{"allow":["GET"]}}],"collection":[{"href":"https:\/\/www.papercraft-3d.com\/it\/wp-json\/wp\/v2\/product"}],"about":[{"href":"https:\/\/www.papercraft-3d.com\/it\/wp-json\/wp\/v2\/types\/product"}],"replies":[{"embeddable":true,"href":"https:\/\/www.papercraft-3d.com\/it\/wp-json\/wp\/v2\/comments?post=249111"}],"wp:featuredmedia":[{"embeddable":true,"href":"https:\/\/www.papercraft-3d.com\/it\/wp-json\/wp\/v2\/media\/249112"}],"wp:attachment":[{"href":"https:\/\/www.papercraft-3d.com\/it\/wp-json\/wp\/v2\/media?parent=249111"}],"wp:term":[{"taxonomy":"product_brand","embeddable":true,"href":"https:\/\/www.papercraft-3d.com\/it\/wp-json\/wp\/v2\/product_brand?post=249111"},{"taxonomy":"product_cat","embeddable":true,"href":"https:\/\/www.papercraft-3d.com\/it\/wp-json\/wp\/v2\/product_cat?post=249111"},{"taxonomy":"product_tag","embeddable":true,"href":"https:\/\/www.papercraft-3d.com\/it\/wp-json\/wp\/v2\/product_tag?post=249111"}],"curies":[{"name":"wp","href":"https:\/\/api.w.org\/{rel}","templated":true}]}}