{"id":289687,"date":"2026-02-25T16:31:41","date_gmt":"2026-02-25T15:31:41","guid":{"rendered":"https:\/\/www.papercraft-3d.com\/produit\/ammonite-papercraft\/"},"modified":"2026-04-05T19:09:44","modified_gmt":"2026-04-05T17:09:44","slug":"ammonite-papercraft","status":"publish","type":"product","link":"https:\/\/www.papercraft-3d.com\/es\/produit\/ammonite-papercraft\/","title":{"rendered":"Papercraft ammonite en origami"},"content":{"rendered":"<h3>Una espectacular espiral marina para exhibir<\/h3>\n<p>Con su forma ic\u00f3nica y su relieve hipn\u00f3tico, esta amonite de papel atrae inmediatamente la mirada. Aporta un toque <strong>natural, gr\u00e1fico y original<\/strong> a tu decoraci\u00f3n, al tiempo que evoca el fascinante universo de los fondos marinos.<\/p>\n<p>Su dise\u00f1o juega con los vol\u00famenes y las curvas para crear una presencia visual impactante. Una vez montada, encuentra f\u00e1cilmente su lugar en una estanter\u00eda, un escritorio o en una estancia dedicada a ambientes costeros.<\/p>\n<h3>Un montaje inmersivo y satisfactorio<\/h3>\n<p>El montaje se realiza progresivamente, pieza a pieza, para dar vida a una concha llena de movimiento. Es el tipo de creaci\u00f3n que te sumerge en el momento presente y transforma un instante de calma en un <em>verdadero par\u00e9ntesis creativo<\/em>.<\/p>\n<p>Si te gustan los modelos inspirados en el oc\u00e9ano, explora tambi\u00e9n nuestra selecci\u00f3n dedicada a los <a href=\"https:\/\/www.papercraft-3d.com\/es\/collections\/animales-marinos-de-origami\/\"><strong>animales marinos en papercraft<\/strong><\/a>. All\u00ed encontrar\u00e1s m\u00e1s ideas decorativas llenas de evasi\u00f3n.<\/p>\n<h3>\u00bfPor qu\u00e9 elegir esta amonite?<\/h3>\n<ul>\n<li><strong>Silueta elegante<\/strong> inspirada en un emblem\u00e1tico f\u00f3sil marino<\/li>\n<li><strong>Efecto escult\u00f3rico<\/strong> ideal para una decoraci\u00f3n original<\/li>\n<li><strong>Construcci\u00f3n cautivadora<\/strong> con un hermoso acabado en volumen<\/li>\n<li><strong>Perfecta para exhibir<\/strong> en un interior natural, costero o contempor\u00e1neo<\/li>\n<\/ul>\n<p>Un modelo con car\u00e1cter, sin perder nunca su encanto. <em>Una bonita idea para crear con tus manos una pieza decorativa que realmente se sale de lo com\u00fan.<\/em><\/p>\n","protected":false},"excerpt":{"rendered":"<p><strong>Amonite<\/strong> para montar en papel, inspirada en las maravillas del mundo marino. Este modelo de formato generoso incluye <strong>12 p\u00e1ginas<\/strong> para <strong>63 piezas<\/strong> y ofrece una <strong>dificultad: Dif\u00edcil<\/strong>, perfecta para quienes disfrutan de construcciones detalladas y gratificantes.<\/p>\n","protected":false},"featured_media":289688,"comment_status":"open","ping_status":"closed","template":"","meta":{"_seopress_robots_primary_cat":"152","_seopress_titles_title":"Papercraft amonite de papel - decoraci\u00f3n marina 3D","_seopress_titles_desc":"Crea una amonite en papercraft con un estilo marino \u00fanico. Un modelo detallado y decorativo, ideal para una creaci\u00f3n en papel original.","_seopress_robots_index":""},"product_brand":[],"product_cat":[394,400,406],"product_tag":[],"class_list":{"0":"post-289687","1":"product","2":"type-product","3":"status-publish","4":"has-post-thumbnail","6":"product_cat-origami-3d-para-posar","7":"product_cat-animales-de-origami-3d","8":"product_cat-animales-marinos-de-origami","10":"first","11":"instock","12":"downloadable","13":"virtual","14":"taxable","15":"purchasable","16":"product-type-simple"},"_links":{"self":[{"href":"https:\/\/www.papercraft-3d.com\/es\/wp-json\/wp\/v2\/product\/289687","targetHints":{"allow":["GET"]}}],"collection":[{"href":"https:\/\/www.papercraft-3d.com\/es\/wp-json\/wp\/v2\/product"}],"about":[{"href":"https:\/\/www.papercraft-3d.com\/es\/wp-json\/wp\/v2\/types\/product"}],"replies":[{"embeddable":true,"href":"https:\/\/www.papercraft-3d.com\/es\/wp-json\/wp\/v2\/comments?post=289687"}],"wp:featuredmedia":[{"embeddable":true,"href":"https:\/\/www.papercraft-3d.com\/es\/wp-json\/wp\/v2\/media\/289688"}],"wp:attachment":[{"href":"https:\/\/www.papercraft-3d.com\/es\/wp-json\/wp\/v2\/media?parent=289687"}],"wp:term":[{"taxonomy":"product_brand","embeddable":true,"href":"https:\/\/www.papercraft-3d.com\/es\/wp-json\/wp\/v2\/product_brand?post=289687"},{"taxonomy":"product_cat","embeddable":true,"href":"https:\/\/www.papercraft-3d.com\/es\/wp-json\/wp\/v2\/product_cat?post=289687"},{"taxonomy":"product_tag","embeddable":true,"href":"https:\/\/www.papercraft-3d.com\/es\/wp-json\/wp\/v2\/product_tag?post=289687"}],"curies":[{"name":"wp","href":"https:\/\/api.w.org\/{rel}","templated":true}]}}