{"id":249155,"date":"2025-08-22T11:38:55","date_gmt":"2025-08-22T09:38:55","guid":{"rendered":"https:\/\/papercraft-3d.com\/produit\/origami-pour-tous-didier-boursin\/"},"modified":"2026-01-19T20:01:01","modified_gmt":"2026-01-19T19:01:01","slug":"origami-pour-tous-didier-boursin","status":"publish","type":"product","link":"https:\/\/www.papercraft-3d.com\/es\/produit\/origami-pour-tous-didier-boursin\/","title":{"rendered":"Origami pour tous (Didier Boursin)"},"content":{"rendered":"<p>De pli en pli, entrez dans l\u2019univers passionnant de l\u2019origami avec ce petit livre con\u00e7u pour convenir \u00e0 tous les \u00e2ges. Apr\u00e8s une introduction pr\u00e9sentant les quelques plis de base, les principaux symboles de sch\u00e9matisation et les conseils essentiels, Didier Boursin vous invite \u00e0 r\u00e9aliser plus de 20 mod\u00e8les charmants. Chaque cr\u00e9ation est accompagn\u00e9e d\u2019un niveau de difficult\u00e9 indiqu\u00e9 (pour choisir un mod\u00e8le adapt\u00e9 \u00e0 votre aisance) et illustr\u00e9e \u00e9tape par \u00e9tape. Les mod\u00e8les propos\u00e9s sont vari\u00e9s et ludiques : sous vos doigts, le papier prend vie pour devenir un lapin, un papillon, un frisbee, un avion, et bien d\u2019autres encore. Avec seulement 64 pages, ce livre va \u00e0 l\u2019essentiel et permet aux d\u00e9butants d\u2019obtenir rapidement des r\u00e9sultats satisfaisants. C\u2019est le support parfait pour animer un atelier d\u00e9couverte, occuper intelligemment un apr\u00e8s-midi pluvieux avec les enfants, ou simplement s\u2019initier \u00e0 moindre co\u00fbt \u00e0 l\u2019art du pliage.<\/p>\n","protected":false},"excerpt":{"rendered":"<p>Une introduction concise et ludique \u00e0 l\u2019origami, proposant plus de 20 mod\u00e8les faciles (animaux, jouets, objets) avec leurs niveaux de difficult\u00e9, par un sp\u00e9cialiste reconnu.<\/p>\n","protected":false},"featured_media":249156,"comment_status":"closed","ping_status":"open","template":"","meta":{"_seopress_robots_primary_cat":"","_seopress_titles_title":"","_seopress_titles_desc":"","_seopress_robots_index":""},"product_brand":[],"product_cat":[995],"product_tag":[],"class_list":{"0":"post-249155","1":"product","2":"type-product","3":"status-publish","4":"has-post-thumbnail","6":"product_cat-libro-de-origami","8":"first","9":"instock","10":"product-type-external"},"_links":{"self":[{"href":"https:\/\/www.papercraft-3d.com\/es\/wp-json\/wp\/v2\/product\/249155","targetHints":{"allow":["GET"]}}],"collection":[{"href":"https:\/\/www.papercraft-3d.com\/es\/wp-json\/wp\/v2\/product"}],"about":[{"href":"https:\/\/www.papercraft-3d.com\/es\/wp-json\/wp\/v2\/types\/product"}],"replies":[{"embeddable":true,"href":"https:\/\/www.papercraft-3d.com\/es\/wp-json\/wp\/v2\/comments?post=249155"}],"wp:featuredmedia":[{"embeddable":true,"href":"https:\/\/www.papercraft-3d.com\/es\/wp-json\/wp\/v2\/media\/249156"}],"wp:attachment":[{"href":"https:\/\/www.papercraft-3d.com\/es\/wp-json\/wp\/v2\/media?parent=249155"}],"wp:term":[{"taxonomy":"product_brand","embeddable":true,"href":"https:\/\/www.papercraft-3d.com\/es\/wp-json\/wp\/v2\/product_brand?post=249155"},{"taxonomy":"product_cat","embeddable":true,"href":"https:\/\/www.papercraft-3d.com\/es\/wp-json\/wp\/v2\/product_cat?post=249155"},{"taxonomy":"product_tag","embeddable":true,"href":"https:\/\/www.papercraft-3d.com\/es\/wp-json\/wp\/v2\/product_tag?post=249155"}],"curies":[{"name":"wp","href":"https:\/\/api.w.org\/{rel}","templated":true}]}}