{"id":249157,"date":"2025-08-22T11:38:55","date_gmt":"2025-08-22T09:38:55","guid":{"rendered":"https:\/\/papercraft-3d.com\/produit\/le-grand-livre-de-lorigami-200-projets-noel-soyer\/"},"modified":"2026-01-19T20:01:01","modified_gmt":"2026-01-19T19:01:01","slug":"le-grand-livre-de-lorigami-200-projets-noel-soyer","status":"publish","type":"product","link":"https:\/\/www.papercraft-3d.com\/en\/produit\/le-grand-livre-de-lorigami-200-projets-noel-soyer\/","title":{"rendered":"Le Grand Livre de L\u2019origami \u2013 200 Projets (Noel Soyer)"},"content":{"rendered":"<p>Enti\u00e8rement en couleur et richement illustr\u00e9, ce grand livre propose plus de 200 mod\u00e8les d\u2019origami expliqu\u00e9s pas \u00e0 pas. C\u2019est un cadeau parfait pour soi-m\u00eame ou pour toute la famille tant son contenu est abondant et progressif. Des pliages simples pour d\u00e9buter aux figures complexes pour continuer \u00e0 s\u2019entra\u00eener, chacun trouvera de quoi faire. Les explications num\u00e9rot\u00e9es et illustr\u00e9es permettent de r\u00e9aliser de beaux mod\u00e8les color\u00e9s en suivant simplement les \u00e9tapes. En introduction, l\u2019auteur rappelle les nombreux bienfaits de l\u2019origami, notamment pour les enfants : ce d\u00e9fi ludique d\u00e9veloppe la coordination \u0153il-main, la concentration, la m\u00e9moire, la patience, l\u2019imagination, tout en procurant d\u00e9tente et satisfaction personnelle. Des heures et des heures de plaisir cr\u00e9atif sont garanties ! En refermant ce livre de 208 pages, vous aurez non seulement pli\u00e9 une multitude de mod\u00e8les vari\u00e9s, mais aussi cultiv\u00e9 votre esprit et votre dext\u00e9rit\u00e9. (Existe en \u00e9dition Kindle et broch\u00e9e.)<\/p>\n","protected":false},"excerpt":{"rendered":"<p>Une encyclop\u00e9die moderne de l\u2019origami en couleurs, riche de plus de 200 mod\u00e8les expliqu\u00e9s pas \u00e0 pas, id\u00e9ale pour progresser du niveau d\u00e9butant \u00e0 confirm\u00e9 tout en profitant des bienfaits de cet art.<\/p>\n","protected":false},"featured_media":249158,"comment_status":"closed","ping_status":"open","template":"","meta":{"_seopress_robots_primary_cat":"","_seopress_titles_title":"","_seopress_titles_desc":"","_seopress_robots_index":""},"product_brand":[],"product_cat":[991],"product_tag":[],"class_list":{"0":"post-249157","1":"product","2":"type-product","3":"status-publish","4":"has-post-thumbnail","6":"product_cat-origami-book","8":"first","9":"instock","10":"product-type-external"},"_links":{"self":[{"href":"https:\/\/www.papercraft-3d.com\/en\/wp-json\/wp\/v2\/product\/249157","targetHints":{"allow":["GET"]}}],"collection":[{"href":"https:\/\/www.papercraft-3d.com\/en\/wp-json\/wp\/v2\/product"}],"about":[{"href":"https:\/\/www.papercraft-3d.com\/en\/wp-json\/wp\/v2\/types\/product"}],"replies":[{"embeddable":true,"href":"https:\/\/www.papercraft-3d.com\/en\/wp-json\/wp\/v2\/comments?post=249157"}],"wp:featuredmedia":[{"embeddable":true,"href":"https:\/\/www.papercraft-3d.com\/en\/wp-json\/wp\/v2\/media\/249158"}],"wp:attachment":[{"href":"https:\/\/www.papercraft-3d.com\/en\/wp-json\/wp\/v2\/media?parent=249157"}],"wp:term":[{"taxonomy":"product_brand","embeddable":true,"href":"https:\/\/www.papercraft-3d.com\/en\/wp-json\/wp\/v2\/product_brand?post=249157"},{"taxonomy":"product_cat","embeddable":true,"href":"https:\/\/www.papercraft-3d.com\/en\/wp-json\/wp\/v2\/product_cat?post=249157"},{"taxonomy":"product_tag","embeddable":true,"href":"https:\/\/www.papercraft-3d.com\/en\/wp-json\/wp\/v2\/product_tag?post=249157"}],"curies":[{"name":"wp","href":"https:\/\/api.w.org\/{rel}","templated":true}]}}