{"id":289685,"date":"2026-02-25T16:31:41","date_gmt":"2026-02-25T15:31:41","guid":{"rendered":"https:\/\/www.papercraft-3d.com\/produit\/ammonite-papercraft\/"},"modified":"2026-04-05T19:09:41","modified_gmt":"2026-04-05T17:09:41","slug":"ammonite-papercraft","status":"publish","type":"product","link":"https:\/\/www.papercraft-3d.com\/de\/produit\/ammonite-papercraft\/","title":{"rendered":"Papercraft ammonite en origami"},"content":{"rendered":"<h3>Eine spektakul\u00e4re Meeresspirale zum Ausstellen<\/h3>\n<p>Mit ihrer ikonischen Form und ihrem hypnotischen Relief zieht diese Ammonit aus Papier sofort alle Blicke auf sich. Sie verleiht Ihrer Dekoration eine <strong>nat\u00fcrliche, grafische und originelle<\/strong> Note und erinnert zugleich an die faszinierende Welt der Meeresgr\u00fcnde.<\/p>\n<p>Ihr Design spielt mit Volumen und Kurven, um eine starke visuelle Pr\u00e4senz zu schaffen. Einmal zusammengesetzt, findet sie leicht ihren Platz auf einem Regal, einem Schreibtisch oder in einem Raum mit maritimem Ambiente.<\/p>\n<h3>Ein immersiver und zufriedenstellender Zusammenbau<\/h3>\n<p>Der Aufbau erfolgt Schritt f\u00fcr Schritt, Teil f\u00fcr Teil, um eine Muschel voller Bewegung zum Leben zu erwecken. Es ist genau die Art von Kreation, die Sie ganz in den Moment eintauchen l\u00e4sst und eine ruhige Auszeit in eine <em>wirklich kreative Pause<\/em> verwandelt.<\/p>\n<p>Wenn Sie Modelle lieben, die vom Ozean inspiriert sind, entdecken Sie auch unsere Auswahl an <a href=\"https:\/\/www.papercraft-3d.com\/de\/collections\/origami-meerestiere\/\"><strong>Meerestieren aus Papercraft<\/strong><\/a>. Dort finden Sie weitere Deko-Ideen voller Fernweh.<\/p>\n<h3>Warum diesen Ammoniten w\u00e4hlen?<\/h3>\n<ul>\n<li><strong>Elegante Silhouette<\/strong>, inspiriert von einem ikonischen Meeresfossil<\/li>\n<li><strong>Skulpturaler Effekt<\/strong> ideal f\u00fcr eine originelle Dekoration<\/li>\n<li><strong>Fesselnder Aufbau<\/strong> mit sch\u00f6ner r\u00e4umlicher Wirkung<\/li>\n<li><strong>Perfekt zum Ausstellen<\/strong> in einem nat\u00fcrlichen, maritimen oder modernen Interieur<\/li>\n<\/ul>\n<p>Ein Modell mit Charakter, das dabei nie seinen Charme verliert. <em>Eine sch\u00f6ne Idee, um mit den eigenen H\u00e4nden ein Deko-Objekt zu schaffen, das wirklich aus dem Rahmen f\u00e4llt.<\/em><\/p>\n","protected":false},"excerpt":{"rendered":"<p><strong>Ammonit<\/strong> aus Papier zum Zusammenbauen, inspiriert von den Wundern der Meereswelt. Dieses Modell im gro\u00dfz\u00fcgigen Format umfasst <strong>12 Seiten<\/strong> f\u00fcr <strong>63 Teile<\/strong> und bietet einen <strong>Schwierigkeitsgrad: Schwer<\/strong> \u2013 perfekt f\u00fcr alle, die detaillierte und lohnende Konstruktionen lieben.<\/p>\n","protected":false},"featured_media":289686,"comment_status":"open","ping_status":"closed","template":"","meta":{"_seopress_robots_primary_cat":"152","_seopress_titles_title":"Papercraft Ammonit aus Papier - maritime 3D-Dekoration","_seopress_titles_desc":"Gestalten Sie einen Papercraft-Ammoniten im einzigartigen maritimen Stil. Ein detailliertes und dekoratives Modell, ideal f\u00fcr eine originelle Papierkreation.","_seopress_robots_index":""},"product_brand":[],"product_cat":[402,408,396],"product_tag":[],"class_list":{"0":"post-289685","1":"product","2":"type-product","3":"status-publish","4":"has-post-thumbnail","6":"product_cat-origami-tiere-3d","7":"product_cat-origami-meerestiere","8":"product_cat-3d-origami-zum-posieren","10":"first","11":"instock","12":"downloadable","13":"virtual","14":"taxable","15":"purchasable","16":"product-type-simple"},"_links":{"self":[{"href":"https:\/\/www.papercraft-3d.com\/de\/wp-json\/wp\/v2\/product\/289685","targetHints":{"allow":["GET"]}}],"collection":[{"href":"https:\/\/www.papercraft-3d.com\/de\/wp-json\/wp\/v2\/product"}],"about":[{"href":"https:\/\/www.papercraft-3d.com\/de\/wp-json\/wp\/v2\/types\/product"}],"replies":[{"embeddable":true,"href":"https:\/\/www.papercraft-3d.com\/de\/wp-json\/wp\/v2\/comments?post=289685"}],"wp:featuredmedia":[{"embeddable":true,"href":"https:\/\/www.papercraft-3d.com\/de\/wp-json\/wp\/v2\/media\/289686"}],"wp:attachment":[{"href":"https:\/\/www.papercraft-3d.com\/de\/wp-json\/wp\/v2\/media?parent=289685"}],"wp:term":[{"taxonomy":"product_brand","embeddable":true,"href":"https:\/\/www.papercraft-3d.com\/de\/wp-json\/wp\/v2\/product_brand?post=289685"},{"taxonomy":"product_cat","embeddable":true,"href":"https:\/\/www.papercraft-3d.com\/de\/wp-json\/wp\/v2\/product_cat?post=289685"},{"taxonomy":"product_tag","embeddable":true,"href":"https:\/\/www.papercraft-3d.com\/de\/wp-json\/wp\/v2\/product_tag?post=289685"}],"curies":[{"name":"wp","href":"https:\/\/api.w.org\/{rel}","templated":true}]}}