{"id":249189,"date":"2025-08-22T11:38:55","date_gmt":"2025-08-22T09:38:55","guid":{"rendered":"https:\/\/papercraft-3d.com\/produit\/easy-origami-john-montroll-edition-anglaise\/"},"modified":"2026-01-19T20:01:04","modified_gmt":"2026-01-19T19:01:04","slug":"easy-origami-john-montroll-edition-anglaise","status":"publish","type":"product","link":"https:\/\/www.papercraft-3d.com\/de\/produit\/easy-origami-john-montroll-edition-anglaise\/","title":{"rendered":"Easy Origami (John Montroll) \u2013 \u00e9dition anglaise"},"content":{"rendered":"<p>Id\u00e9al pour les novices complets, Easy Origami porte bien son nom. John Montroll, figure renomm\u00e9e de l\u2019origami, y a rassembl\u00e9 32 projets accessibles con\u00e7us pour les d\u00e9butants absolus. Les instructions sont pr\u00e9sent\u00e9es de fa\u00e7on tr\u00e8s claire et concise, accompagn\u00e9es de diagrammes faciles \u00e0 suivre, de sorte que m\u00eame un enfant ou un n\u00e9ophyte pourra plier chaque mod\u00e8le avec succ\u00e8s. La s\u00e9lection couvre des sujets vari\u00e9s et amusants, depuis des pliages ultra-simples (un chapeau, une tasse, un moulin \u00e0 vent) jusqu\u2019\u00e0 des figures un peu plus \u00e9labor\u00e9es comme un pingouin ou m\u00eame un petit piano. Chaque mod\u00e8le \u00e9tant ind\u00e9pendant, on peut picorer dans le livre selon ses envies et progresser \u00e0 son rythme. En quelques essais, le lecteur prend confiance en ses capacit\u00e9s et d\u00e9couvre le plaisir de cr\u00e9er de ses mains des objets en papier. Vendu \u00e0 petit prix, ce livre format poche est un compagnon de choix pour s\u2019occuper intelligemment et se familiariser avec les bases de l\u2019origami sans aucune difficult\u00e9.<\/p>\n","protected":false},"excerpt":{"rendered":"<p>Un petit livre parfait pour d\u00e9buter en origami (en anglais) : 32 mod\u00e8les simples et charmants expliqu\u00e9s avec des instructions claires, pour obtenir rapidement des r\u00e9sultats r\u00e9ussis.<\/p>\n","protected":false},"featured_media":249190,"comment_status":"closed","ping_status":"open","template":"","meta":{"_seopress_robots_primary_cat":"","_seopress_titles_title":"","_seopress_titles_desc":"","_seopress_robots_index":""},"product_brand":[],"product_cat":[992],"product_tag":[],"class_list":{"0":"post-249189","1":"product","2":"type-product","3":"status-publish","4":"has-post-thumbnail","6":"product_cat-origami-buch","8":"first","9":"instock","10":"product-type-external"},"_links":{"self":[{"href":"https:\/\/www.papercraft-3d.com\/de\/wp-json\/wp\/v2\/product\/249189","targetHints":{"allow":["GET"]}}],"collection":[{"href":"https:\/\/www.papercraft-3d.com\/de\/wp-json\/wp\/v2\/product"}],"about":[{"href":"https:\/\/www.papercraft-3d.com\/de\/wp-json\/wp\/v2\/types\/product"}],"replies":[{"embeddable":true,"href":"https:\/\/www.papercraft-3d.com\/de\/wp-json\/wp\/v2\/comments?post=249189"}],"wp:featuredmedia":[{"embeddable":true,"href":"https:\/\/www.papercraft-3d.com\/de\/wp-json\/wp\/v2\/media\/249190"}],"wp:attachment":[{"href":"https:\/\/www.papercraft-3d.com\/de\/wp-json\/wp\/v2\/media?parent=249189"}],"wp:term":[{"taxonomy":"product_brand","embeddable":true,"href":"https:\/\/www.papercraft-3d.com\/de\/wp-json\/wp\/v2\/product_brand?post=249189"},{"taxonomy":"product_cat","embeddable":true,"href":"https:\/\/www.papercraft-3d.com\/de\/wp-json\/wp\/v2\/product_cat?post=249189"},{"taxonomy":"product_tag","embeddable":true,"href":"https:\/\/www.papercraft-3d.com\/de\/wp-json\/wp\/v2\/product_tag?post=249189"}],"curies":[{"name":"wp","href":"https:\/\/api.w.org\/{rel}","templated":true}]}}